{"id":167,"date":"2023-08-29T08:24:10","date_gmt":"2023-08-29T08:24:10","guid":{"rendered":"https:\/\/clinicadelpievara.es\/?page_id=167"},"modified":"2025-12-26T11:43:53","modified_gmt":"2025-12-26T11:43:53","slug":"contacto","status":"publish","type":"page","link":"https:\/\/clinicadelpievara.es\/en\/contacto\/","title":{"rendered":"CONTACT"},"content":{"rendered":"<p>[et_pb_section fb_built=\u00bb1&#8243; admin_label=\u00bbHeader\u00bb _builder_version=\u00bb4.21.0&#8243; _module_preset=\u00bbdefault\u00bb use_background_color_gradient=\u00bbon\u00bb background_color_gradient_stops=\u00bbrgba(34,34,34,0) 0%|gcid-1f9b0bb3-481a-49f1-9fe6-999fc3c3182b 100%\u00bb background_color_gradient_overlays_image=\u00bbon\u00bb background_image=\u00bbhttps:\/\/clinicadelpievara.es\/wp-content\/uploads\/2023\/08\/Sin-titulo-Banner-horizontal-2.png\u00bb custom_padding=\u00bb90px||90px||true|false\u00bb collapsed=\u00bbon\u00bb global_colors_info=\u00bb{%22gcid-1f9b0bb3-481a-49f1-9fe6-999fc3c3182b%22:%91%22background_color_gradient_stops%22%93}\u00bb][et_pb_row column_structure=\u00bb3_5,2_5&#8243; _builder_version=\u00bb4.20.0&#8243; _module_preset=\u00bbdefault\u00bb global_colors_info=\u00bb{}\u00bb][et_pb_column type=\u00bb3_5&#8243; _builder_version=\u00bb4.20.0&#8243; _module_preset=\u00bbdefault\u00bb global_colors_info=\u00bb{}\u00bb][et_pb_text _builder_version=\u00bb4.20.0&#8243; _module_preset=\u00bb6873aaec-41b1-4e4f-ae3d-d537f1b315c8&#8243; header_text_color=\u00bb#FFFFFF\u00bb custom_margin=\u00bb||10px||false|false\u00bb global_colors_info=\u00bb{}\u00bb]<\/p>\n<h1>CONT\u00c1CTANOS<\/h1>\n<p>[\/et_pb_text][et_pb_text _builder_version=\u00bb4.20.0&#8243; _module_preset=\u00bbf8114dfd-10e6-4dad-9833-7bebe9e1d000&#8243; text_text_color=\u00bb#FFFFFF\u00bb global_colors_info=\u00bb{}\u00bb]<\/p>\n<p>Pide cita y te ayudaremos a mejorar tu calidad de vida con el mejor equipo y servicio.<\/p>\n<p>[\/et_pb_text][\/et_pb_column][et_pb_column type=\u00bb2_5&#8243; _builder_version=\u00bb4.20.0&#8243; _module_preset=\u00bbdefault\u00bb global_colors_info=\u00bb{}\u00bb][\/et_pb_column][\/et_pb_row][\/et_pb_section][et_pb_section fb_built=\u00bb1&#8243; admin_label=\u00bbContact Info\u00bb _builder_version=\u00bb4.20.0&#8243; _module_preset=\u00bbdefault\u00bb background_color=\u00bbRGBA(255,255,255,0)\u00bb custom_padding=\u00bb0px||||false|false\u00bb collapsed=\u00bbon\u00bb global_colors_info=\u00bb{}\u00bb][et_pb_row column_structure=\u00bb1_2,1_2&#8243; custom_padding_last_edited=\u00bbon|tablet\u00bb _builder_version=\u00bb4.27.4&#8243; _module_preset=\u00bbdefault\u00bb background_color=\u00bbgcid-922f8e05-0af6-48a7-8ba4-9a77f0c7dbee\u00bb custom_margin=\u00bb-60px||||false|false\u00bb custom_padding=\u00bb40px|40px|40px|40px|true|true\u00bb custom_padding_tablet=\u00bb30px|30px|30px|30px|true|true\u00bb custom_padding_phone=\u00bb20px|20px|20px|20px|true|true\u00bb hover_enabled=\u00bb0&#8243; border_radii=\u00bbon|5px|5px|5px|5px\u00bb global_colors_info=\u00bb{%22gcid-922f8e05-0af6-48a7-8ba4-9a77f0c7dbee%22:%91%22background_color%22%93}\u00bb sticky_enabled=\u00bb0&#8243;][et_pb_column type=\u00bb1_2&#8243; _builder_version=\u00bb4.20.0&#8243; _module_preset=\u00bbdefault\u00bb global_colors_info=\u00bb{}\u00bb][et_pb_icon font_icon=\u00bb&#xe01f;||divi||400&#8243; url=\u00bbhttps:\/\/www.google.com\/maps\/place\/Cl%C3%ADnica+del+Pie+Roberto+Vara\/@36.518094,-6.2835531,17z\/data=!3m1!4b1!4m6!3m5!1s0xd0dd3cd3a8ac2d5:0x1ecd07796979240a!8m2!3d36.518094!4d-6.2809782!16s%2Fg%2F11b75g6cb_?entry=ttu\u00bb _builder_version=\u00bb4.21.0&#8243; _module_preset=\u00bb605ddb5e-6bbe-4ab5-8896-a384151ab467&#8243; locked=\u00bboff\u00bb global_colors_info=\u00bb{}\u00bb][\/et_pb_icon][et_pb_text _builder_version=\u00bb4.21.0&#8243; _module_preset=\u00bbbec3e0d2-1d17-412c-bca6-ed7fa9adb236&#8243; header_6_font=\u00bbMontserrat|700||on|||||\u00bb header_6_text_color=\u00bb#FFFFFF\u00bb text_orientation=\u00bbcenter\u00bb custom_margin=\u00bb||0px||false|false\u00bb global_colors_info=\u00bb{}\u00bb]<\/p>\n<h6>Direcci\u00f3n<\/h6>\n<p>[\/et_pb_text][et_pb_text _builder_version=\u00bb4.21.0&#8243; _module_preset=\u00bbea9465d1-2db5-48ad-b282-c73f100fc643&#8243; text_font=\u00bbMontserrat||||||||\u00bb text_text_color=\u00bb#FFFFFF\u00bb link_text_color=\u00bb#FFFFFF\u00bb text_orientation=\u00bbcenter\u00bb global_colors_info=\u00bb{}\u00bb]<\/p>\n<p><a href=\"https:\/\/www.google.com\/maps\/place\/Cl%C3%ADnica+del+Pie+Roberto+Vara\/@36.518094,-6.2835531,17z\/data=!3m1!4b1!4m6!3m5!1s0xd0dd3cd3a8ac2d5:0x1ecd07796979240a!8m2!3d36.518094!4d-6.2809782!16s%2Fg%2F11b75g6cb_?entry=ttu\"><span>Av. Constituci\u00f3n de 1812, n\u00ba1, Entreplanta B, 11008 C\u00e1diz<\/span><\/a><\/p>\n<p>[\/et_pb_text][\/et_pb_column][et_pb_column type=\u00bb1_2&#8243; _builder_version=\u00bb4.20.0&#8243; _module_preset=\u00bbdefault\u00bb global_colors_info=\u00bb{}\u00bb][et_pb_icon font_icon=\u00bb&#xe00b;||divi||400&#8243; url=\u00bbtel:+34956252545&#8243; _builder_version=\u00bb4.21.0&#8243; _module_preset=\u00bb605ddb5e-6bbe-4ab5-8896-a384151ab467&#8243; locked=\u00bboff\u00bb global_colors_info=\u00bb{}\u00bb][\/et_pb_icon][et_pb_text _builder_version=\u00bb4.21.0&#8243; _module_preset=\u00bbbec3e0d2-1d17-412c-bca6-ed7fa9adb236&#8243; header_6_font=\u00bbMontserrat|700||on|||||\u00bb header_6_text_color=\u00bb#FFFFFF\u00bb text_orientation=\u00bbcenter\u00bb custom_margin=\u00bb||0px||false|false\u00bb global_colors_info=\u00bb{}\u00bb]<\/p>\n<h6>Tel\u00e9fono<\/h6>\n<p>[\/et_pb_text][et_pb_text _builder_version=\u00bb4.21.0&#8243; _module_preset=\u00bbea9465d1-2db5-48ad-b282-c73f100fc643&#8243; text_font=\u00bbMontserrat||||||||\u00bb text_text_color=\u00bb#FFFFFF\u00bb link_text_color=\u00bb#FFFFFF\u00bb text_orientation=\u00bbcenter\u00bb global_colors_info=\u00bb{}\u00bb]<\/p>\n<p><a data-dtype=\"d3ph\" data-local-attribute=\"d3ph\" jscontroller=\"LWZElb\" href=\"tel:+34956252545\" jsdata=\"QKGTRc;_;Cg7qXo\" jsaction=\"rcuQ6b:npT2md;F75qrd\" data-ved=\"2ahUKEwjWs6qpsoGBAxWMTKQEHbZ0CE0QkAgoAHoECDoQAw\"><span aria-label=\"Llamar al n\u00famero de tel\u00e9fono 956 25 25 45\">956 25 25 45<\/span><\/a><\/p>\n<p>[\/et_pb_text][\/et_pb_column][\/et_pb_row][\/et_pb_section][et_pb_section fb_built=\u00bb1&#8243; admin_label=\u00bbContact Info\u00bb _builder_version=\u00bb4.20.0&#8243; _module_preset=\u00bbdefault\u00bb min_height=\u00bb144px\u00bb custom_padding=\u00bb0px||0px|||\u00bb collapsed=\u00bbon\u00bb global_colors_info=\u00bb{}\u00bb][et_pb_row _builder_version=\u00bb4.20.0&#8243; _module_preset=\u00bbdefault\u00bb global_colors_info=\u00bb{}\u00bb][et_pb_column type=\u00bb4_4&#8243; _builder_version=\u00bb4.20.0&#8243; _module_preset=\u00bbdefault\u00bb global_colors_info=\u00bb{}\u00bb][et_pb_text _builder_version=\u00bb4.22.1&#8243; _module_preset=\u00bb8b038b86-0389-4574-a59f-a5c5c12cac89&#8243; header_2_font=\u00bbMontserrat|800|||||||\u00bb text_orientation=\u00bbcenter\u00bb global_colors_info=\u00bb{}\u00bb]<\/p>\n<h2>VEN A VERNOS<\/h2>\n<p>[\/et_pb_text][\/et_pb_column][\/et_pb_row][\/et_pb_section][et_pb_section fb_built=\u00bb1&#8243; fullwidth=\u00bbon\u00bb _builder_version=\u00bb4.21.0&#8243; _module_preset=\u00bbdefault\u00bb global_colors_info=\u00bb{}\u00bb][et_pb_fullwidth_code _builder_version=\u00bb4.22.1&#8243; _module_preset=\u00bbdefault\u00bb text_orientation=\u00bbcenter\u00bb global_colors_info=\u00bb{}\u00bb]<iframe src=\"https:\/\/www.google.com\/maps\/embed?pb=!1m18!1m12!1m3!1d3206.4932033854984!2d-6.2835531241745475!3d36.51809397232903!2m3!1f0!2f0!3f0!3m2!1i1024!2i768!4f13.1!3m3!1m2!1s0xd0dd3cd3a8ac2d5%3A0x1ecd07796979240a!2sCl%C3%ADnica%20del%20Pie%20Roberto%20Vara!5e0!3m2!1ses!2ses!4v1693297502003!5m2!1ses!2ses\" width=\"1800\" height=\"900\" style=\"border:0;\" allowfullscreen=\"\" loading=\"lazy\" referrerpolicy=\"no-referrer-when-downgrade\"><\/iframe>[\/et_pb_fullwidth_code][\/et_pb_section][et_pb_section fb_built=\u00bb1&#8243; _builder_version=\u00bb4.21.0&#8243; _module_preset=\u00bbdefault\u00bb custom_padding=\u00bb||0px|||\u00bb locked=\u00bboff\u00bb global_colors_info=\u00bb{}\u00bb][et_pb_row column_structure=\u00bb1_2,1_2&#8243; _builder_version=\u00bb4.21.0&#8243; _module_preset=\u00bbdefault\u00bb global_colors_info=\u00bb{}\u00bb][et_pb_column type=\u00bb1_2&#8243; _builder_version=\u00bb4.21.0&#8243; _module_preset=\u00bbdefault\u00bb global_colors_info=\u00bb{}\u00bb][et_pb_image src=\u00bbhttps:\/\/clinicadelpievara.es\/wp-content\/uploads\/2023\/08\/LOGO-CLINICA-DEL-PIE-VARA-scaled.jpg\u00bb title_text=\u00bbLOGO CL\u00cdNICA DEL PIE VARA\u00bb _builder_version=\u00bb4.21.0&#8243; _module_preset=\u00bbdefault\u00bb global_colors_info=\u00bb{}\u00bb][\/et_pb_image][\/et_pb_column][et_pb_column type=\u00bb1_2&#8243; _builder_version=\u00bb4.21.0&#8243; _module_preset=\u00bbdefault\u00bb global_colors_info=\u00bb{}\u00bb][et_pb_text _builder_version=\u00bb4.27.4&#8243; _module_preset=\u00bbdefault\u00bb text_font=\u00bbMontserrat|800|||||||\u00bb text_orientation=\u00bbcenter\u00bb hover_enabled=\u00bb0&#8243; inline_fonts=\u00bbMontserrat\u00bb global_colors_info=\u00bb{}\u00bb sticky_enabled=\u00bb0&#8243;]<\/p>\n<p><strong>CONTACTO<\/strong><\/p>\n<p><strong><span><\/span><\/strong><\/p>\n<p><b>\ud83d\udcde <a href=\"tel:+34956252545\"><span class=\"w8qArf\"><span>\u00a0<\/span><\/span><span><span class=\"LrzXr zdqRlf kno-fv\"><span aria-label=\"Llamar al n\u00famero de tel\u00e9fono 956 25 25 45\">956 25 25 45<\/span><\/span><\/span><\/a><\/b><\/p>\n<p>CITAS SOLO POR TEL\u00c9FONO\u00a0<\/p>\n<p><b>\ud83d\udccd <\/b><a href=\"https:\/\/www.google.com\/maps\/place\/Cl%C3%ADnica+del+Pie+Roberto+Vara\/@36.518094,-6.2835531,17z\/data=!3m1!4b1!4m6!3m5!1s0xd0dd3cd3a8ac2d5:0x1ecd07796979240a!8m2!3d36.518094!4d-6.2809782!16s%2Fg%2F11b75g6cb_?entry=ttu\">Av. Constituci\u00f3n de 1812, n\u00ba1, Entreplanta B, 11008 C\u00e1diz<\/a><\/p>\n<p>[\/et_pb_text][\/et_pb_column][\/et_pb_row][\/et_pb_section][et_pb_section fb_built=\u00bb1&#8243; fullwidth=\u00bbon\u00bb _builder_version=\u00bb4.21.0&#8243; _module_preset=\u00bbdefault\u00bb background_enable_color=\u00bboff\u00bb locked=\u00bboff\u00bb global_colors_info=\u00bb{}\u00bb][et_pb_fullwidth_header _builder_version=\u00bb4.21.0&#8243; _module_preset=\u00bbdefault\u00bb background_color=\u00bb#000000&#8243; min_height=\u00bb113.8px\u00bb custom_margin=\u00bb||-82px|||\u00bb custom_padding=\u00bb0px||0px|||\u00bb global_colors_info=\u00bb{}\u00bb]<\/p>\n<p>Dise\u00f1ado por <a href=\"https:\/\/www.eticonsa.es\/\">Eticonsa Inform\u00e1tica<\/a><\/p>\n<p>[\/et_pb_fullwidth_header][\/et_pb_section]<\/p>\n","protected":false},"excerpt":{"rendered":"<p>CONT\u00c1CTANOSPide cita y te ayudaremos a mejorar tu calidad de vida con el mejor equipo y servicio.Direcci\u00f3nAv. Constituci\u00f3n de 1812, n\u00ba1, Entreplanta B, 11008 C\u00e1dizTel\u00e9fono956 25 25 45VEN A VERNOSCONTACTO \ud83d\udcde \u00a0956 25 25 45 CITAS SOLO POR TEL\u00c9FONO\u00a0 \ud83d\udccd Av. Constituci\u00f3n de 1812, n\u00ba1, Entreplanta B, 11008 C\u00e1dizDise\u00f1ado por Eticonsa Inform\u00e1tica<\/p>","protected":false},"author":2,"featured_media":0,"parent":0,"menu_order":0,"comment_status":"closed","ping_status":"closed","template":"","meta":{"_et_pb_use_builder":"on","_et_pb_old_content":"","_et_gb_content_width":"","footnotes":""},"class_list":["post-167","page","type-page","status-publish","hentry"],"yoast_head":"<!-- This site is optimized with the Yoast SEO plugin v27.6 - https:\/\/yoast.com\/product\/yoast-seo-wordpress\/ -->\n<title>CONTACTO - Clinica del pie Vara Cadiz<\/title>\n<meta name=\"robots\" content=\"index, follow, max-snippet:-1, max-image-preview:large, max-video-preview:-1\" \/>\n<link rel=\"canonical\" href=\"https:\/\/clinicadelpievara.es\/en\/contacto\/\" \/>\n<meta property=\"og:locale\" content=\"en_GB\" \/>\n<meta property=\"og:type\" content=\"article\" \/>\n<meta property=\"og:title\" content=\"CONTACTO - Clinica del pie Vara Cadiz\" \/>\n<meta property=\"og:description\" content=\"CONT\u00c1CTANOSPide cita y te ayudaremos a mejorar tu calidad de vida con el mejor equipo y servicio.Direcci\u00f3nAv. Constituci\u00f3n de 1812, n\u00ba1, Entreplanta B, 11008 C\u00e1dizTel\u00e9fono956 25 25 45VEN A VERNOSCONTACTO \ud83d\udcde \u00a0956 25 25 45 CITAS SOLO POR TEL\u00c9FONO\u00a0 \ud83d\udccd Av. Constituci\u00f3n de 1812, n\u00ba1, Entreplanta B, 11008 C\u00e1dizDise\u00f1ado por Eticonsa Inform\u00e1tica\" \/>\n<meta property=\"og:url\" content=\"https:\/\/clinicadelpievara.es\/en\/contacto\/\" \/>\n<meta property=\"og:site_name\" content=\"Clinica del pie Vara Cadiz\" \/>\n<meta property=\"article:modified_time\" content=\"2025-12-26T11:43:53+00:00\" \/>\n<meta name=\"twitter:card\" content=\"summary_large_image\" \/>\n<script type=\"application\/ld+json\" class=\"yoast-schema-graph\">{\"@context\":\"https:\\\/\\\/schema.org\",\"@graph\":[{\"@type\":\"WebPage\",\"@id\":\"https:\\\/\\\/clinicadelpievara.es\\\/contacto\\\/\",\"url\":\"https:\\\/\\\/clinicadelpievara.es\\\/contacto\\\/\",\"name\":\"CONTACTO - Clinica del pie Vara Cadiz\",\"isPartOf\":{\"@id\":\"https:\\\/\\\/clinicadelpievara.es\\\/#website\"},\"datePublished\":\"2023-08-29T08:24:10+00:00\",\"dateModified\":\"2025-12-26T11:43:53+00:00\",\"breadcrumb\":{\"@id\":\"https:\\\/\\\/clinicadelpievara.es\\\/contacto\\\/#breadcrumb\"},\"inLanguage\":\"en-GB\",\"potentialAction\":[{\"@type\":\"ReadAction\",\"target\":[\"https:\\\/\\\/clinicadelpievara.es\\\/contacto\\\/\"]}]},{\"@type\":\"BreadcrumbList\",\"@id\":\"https:\\\/\\\/clinicadelpievara.es\\\/contacto\\\/#breadcrumb\",\"itemListElement\":[{\"@type\":\"ListItem\",\"position\":1,\"name\":\"Portada\",\"item\":\"https:\\\/\\\/clinicadelpievara.es\\\/\"},{\"@type\":\"ListItem\",\"position\":2,\"name\":\"CONTACTO\"}]},{\"@type\":\"WebSite\",\"@id\":\"https:\\\/\\\/clinicadelpievara.es\\\/#website\",\"url\":\"https:\\\/\\\/clinicadelpievara.es\\\/\",\"name\":\"Clinica del pie Vara Cadiz\",\"description\":\"\",\"potentialAction\":[{\"@type\":\"SearchAction\",\"target\":{\"@type\":\"EntryPoint\",\"urlTemplate\":\"https:\\\/\\\/clinicadelpievara.es\\\/?s={search_term_string}\"},\"query-input\":{\"@type\":\"PropertyValueSpecification\",\"valueRequired\":true,\"valueName\":\"search_term_string\"}}],\"inLanguage\":\"en-GB\"}]}<\/script>\n<!-- \/ Yoast SEO plugin. -->","yoast_head_json":{"title":"CONTACTO - Clinica del pie Vara Cadiz","robots":{"index":"index","follow":"follow","max-snippet":"max-snippet:-1","max-image-preview":"max-image-preview:large","max-video-preview":"max-video-preview:-1"},"canonical":"https:\/\/clinicadelpievara.es\/en\/contacto\/","og_locale":"en_GB","og_type":"article","og_title":"CONTACTO - Clinica del pie Vara Cadiz","og_description":"CONT\u00c1CTANOSPide cita y te ayudaremos a mejorar tu calidad de vida con el mejor equipo y servicio.Direcci\u00f3nAv. Constituci\u00f3n de 1812, n\u00ba1, Entreplanta B, 11008 C\u00e1dizTel\u00e9fono956 25 25 45VEN A VERNOSCONTACTO \ud83d\udcde \u00a0956 25 25 45 CITAS SOLO POR TEL\u00c9FONO\u00a0 \ud83d\udccd Av. Constituci\u00f3n de 1812, n\u00ba1, Entreplanta B, 11008 C\u00e1dizDise\u00f1ado por Eticonsa Inform\u00e1tica","og_url":"https:\/\/clinicadelpievara.es\/en\/contacto\/","og_site_name":"Clinica del pie Vara Cadiz","article_modified_time":"2025-12-26T11:43:53+00:00","twitter_card":"summary_large_image","schema":{"@context":"https:\/\/schema.org","@graph":[{"@type":"WebPage","@id":"https:\/\/clinicadelpievara.es\/contacto\/","url":"https:\/\/clinicadelpievara.es\/contacto\/","name":"CONTACTO - Clinica del pie Vara Cadiz","isPartOf":{"@id":"https:\/\/clinicadelpievara.es\/#website"},"datePublished":"2023-08-29T08:24:10+00:00","dateModified":"2025-12-26T11:43:53+00:00","breadcrumb":{"@id":"https:\/\/clinicadelpievara.es\/contacto\/#breadcrumb"},"inLanguage":"en-GB","potentialAction":[{"@type":"ReadAction","target":["https:\/\/clinicadelpievara.es\/contacto\/"]}]},{"@type":"BreadcrumbList","@id":"https:\/\/clinicadelpievara.es\/contacto\/#breadcrumb","itemListElement":[{"@type":"ListItem","position":1,"name":"Portada","item":"https:\/\/clinicadelpievara.es\/"},{"@type":"ListItem","position":2,"name":"CONTACTO"}]},{"@type":"WebSite","@id":"https:\/\/clinicadelpievara.es\/#website","url":"https:\/\/clinicadelpievara.es\/","name":"Clinica del pie Vara Cadiz","description":"","potentialAction":[{"@type":"SearchAction","target":{"@type":"EntryPoint","urlTemplate":"https:\/\/clinicadelpievara.es\/?s={search_term_string}"},"query-input":{"@type":"PropertyValueSpecification","valueRequired":true,"valueName":"search_term_string"}}],"inLanguage":"en-GB"}]}},"_links":{"self":[{"href":"https:\/\/clinicadelpievara.es\/en\/wp-json\/wp\/v2\/pages\/167","targetHints":{"allow":["GET"]}}],"collection":[{"href":"https:\/\/clinicadelpievara.es\/en\/wp-json\/wp\/v2\/pages"}],"about":[{"href":"https:\/\/clinicadelpievara.es\/en\/wp-json\/wp\/v2\/types\/page"}],"author":[{"embeddable":true,"href":"https:\/\/clinicadelpievara.es\/en\/wp-json\/wp\/v2\/users\/2"}],"replies":[{"embeddable":true,"href":"https:\/\/clinicadelpievara.es\/en\/wp-json\/wp\/v2\/comments?post=167"}],"version-history":[{"count":16,"href":"https:\/\/clinicadelpievara.es\/en\/wp-json\/wp\/v2\/pages\/167\/revisions"}],"predecessor-version":[{"id":461,"href":"https:\/\/clinicadelpievara.es\/en\/wp-json\/wp\/v2\/pages\/167\/revisions\/461"}],"wp:attachment":[{"href":"https:\/\/clinicadelpievara.es\/en\/wp-json\/wp\/v2\/media?parent=167"}],"curies":[{"name":"wp","href":"https:\/\/api.w.org\/{rel}","templated":true}]}}